{"id":17,"date":"2022-02-02T16:47:41","date_gmt":"2022-02-02T16:47:41","guid":{"rendered":"https:\/\/ateliers-workshops.ca\/?page_id=17"},"modified":"2022-02-26T14:51:45","modified_gmt":"2022-02-26T14:51:45","slug":"a-propos","status":"publish","type":"page","link":"https:\/\/ateliers-workshops.ca\/fr\/a-propos\/","title":{"rendered":"\u00c0 propos"},"content":{"rendered":"\n<h2>\n\t\t\u00c0 propos\n\t<\/h2>\n\t<p>Ateliers sur demande | Instant Workshops<\/p>\n\t<p>Il existe d\u00e9j\u00e0 de nombreux cours en ligne pour d\u00e9velopper les comp\u00e9tences num\u00e9riques en enseignement sup\u00e9rieur, alors pourquoi en cr\u00e9er davantage avec <em>Ateliers sur demande | Instant Workshops<\/em> ? D&rsquo;abord, il n&rsquo;est pas toujours facile de trouver des cours en anglais et en fran\u00e7ais, ce qui est particuli\u00e8rement utile au Canada ; c&rsquo;est d&rsquo;ailleurs l\u00e0 que les <em>Ateliers sur demande | Instant Workshops<\/em> ont commenc\u00e9. Deuxi\u00e8mement, lorsque des cours en anglais et en fran\u00e7ais existent, il y a parfois des probl\u00e8mes d&rsquo;accessibilit\u00e9, des vid\u00e9os sans sous-titres en sont un exemple. Il peut \u00e9galement exister des probl\u00e8mes d&rsquo;acc\u00e8s, tels que les frais d&rsquo;abonnement, les connexions institutionnelles ou des probl\u00e8mes avec des ressources trop longues, inflexibles ou m\u00eame impersonnelles.<\/p>\n\t<p>Les collaborateurs.trices d&rsquo;<em>Ateliers sur demande | Instant Workshops<\/em> ont pour but de fournir des cours gratuits, libres, cibl\u00e9s, accessibles, flexibles et \u00e0 visage humain dans le domaine des comp\u00e9tences num\u00e9riques pour l&rsquo;enseignement sup\u00e9rieur en fran\u00e7ais et en anglais. Le site et la s\u00e9rie initiale de le\u00e7ons ont \u00e9t\u00e9 rendus possibles gr\u00e2ce au financement du gouvernement de l&rsquo;Ontario et au soutien d&rsquo;eCampusOntario \u00e0 l&rsquo;\u00e9gard de la <a href=\"https:\/\/vls.ecampusontario.ca\/fr\/\">Strat\u00e9gie d&rsquo;apprentissage virtuel<\/a> ; de nouvelles le\u00e7ons seront ajout\u00e9es r\u00e9guli\u00e8rement. Nous utilisons \u00ab <a href=\"https:\/\/www.digitalcapability.jisc.ac.uk\/what-is-digital-capability\/\">Jisc&rsquo;s digital capabilities framework<\/a> \u00bb pour d\u00e9finir l&rsquo;\u00e9ventail des le\u00e7ons que vous trouverez sur ce site.<\/p>\n\t<p>Nous esp\u00e9rons que les <em>Ateliers sur demande | Instant Workshops<\/em> vous offriront d&rsquo;enrichissantes exp\u00e9riences d&rsquo;apprentissage en ligne.<\/p>\n<h2>\n\t\tContactez-nous\n\t<\/h2>\n\t<p>Des questions ? Des commentaires ? Des suggestions de nouveaux ateliers ? Aimeriez-vous contribuer m\u00eame \u00e0 cr\u00e9er des ateliers pour <em>Ateliers sur demande | Instant Workshop<\/em>s ? N&rsquo;h\u00e9sitez pas \u00e0 nous contacter.<\/p>\n<h2>\n\t\tCollaborateurs \n\t<\/h2>\n\tNicole Askin<br \/>\nUniversit\u00e9 du Manitoba\n\tAlexandre Bekhradi<br \/>\nUniversit\u00e9 de Hearst\n\tMish Boutet<br \/>\nUniversit\u00e9 d&rsquo;Ottawa\n\tJeanette Caron<br \/>\nUniversit\u00e9 d&rsquo;Ottawa\n\tFrancis Gigu\u00e8re<br \/>\nUniversit\u00e9 de l&rsquo;Ontario fran\u00e7ais\n\tMohammed Harti<br \/>\nUniversit\u00e9 de l&rsquo;Ontario fran\u00e7ais\n\tKris Joseph<br \/>\nUniversit\u00e9 York\n\tPatrick Labelle<br \/>\nUniversit\u00e9 d&rsquo;Ottawa\n\tCatherine Lacha\u00eene<br \/>\nUniversit\u00e9 d&rsquo;Ottawa\n\tJamey Laroche<br \/>\nUniversit\u00e9 d&rsquo;Ottawa\n\tJ\u00e9r\u00e9mie LeBlanc<br \/>\nUniversit\u00e9 Saint-Paul\n\tJohanne Morin<br \/>\nUniversit\u00e9 de Hearst\n\tLe\u00efla Saadaoui<br \/>\nUniversit\u00e9 Laurentienne\n\tVictoria Tsonos<br \/>\nUniversit\u00e9 Saint-Paul\n\tCleber Vizoni<br \/>\nUniversit\u00e9 d&rsquo;Ottawa\n<h2>\n\t\tNous tenons \u00e0 remercier tout particuli\u00e8rement \n\t<\/h2>\n\tDenis Berthiaume<br \/>\nUniversit\u00e9 de l&rsquo;Ontario fran\u00e7ais\n\tMichelle Brown<br \/>\nUniversit\u00e9 d&rsquo;Ottawa\n\tM\u00e9lanie Brunet<br \/>\nUniversit\u00e9 d&rsquo;Ottawa\n\tTalia Chung<br \/>\nUniversit\u00e9 d&rsquo;Ottawa\n\tDigital Dexterity Champions<br \/>\nCouncil of Australian University Librarians\n\tMarie C\u00e9cile Domecq<br \/>\nUniversit\u00e9 d&rsquo;Ottawa\n\tAline Germain-Rutherford<br \/>\nUniversit\u00e9 d&rsquo;Ottawa\n\tAnne-Camille Hardy-Chartrand<br \/>\nUniversit\u00e9 Saint-Paul\n\tMariette Leclair<br \/>\nUniversit\u00e9 d&rsquo;Ottawa\n\tNancy Leroux<br \/>\nUniversit\u00e9 d&rsquo;Ottawa\n\tJean-Simon Robert Ouimet<br \/>\nUniversit\u00e9 d&rsquo;Ottawa\n<h2>\n\t\tInstitutions Collaboratrices\n\t<\/h2>\n\t\t\t\t<img loading=\"lazy\" decoding=\"async\" src=\"https:\/\/ateliers-workshops.ca\/wp-content\/uploads\/2022\/02\/uottawa-logo-1-300x80-1.png\" alt=\"University of Ottawa logo\" itemprop=\"image\" height=\"80\" width=\"300\" title=\"uottawa-logo-1-300x80\" onerror=\"this.style.display='none'\"  \/>\n\t\t\t\t<img loading=\"lazy\" decoding=\"async\" src=\"https:\/\/ateliers-workshops.ca\/wp-content\/uploads\/2022\/02\/hearst-logo-300x79-1.png\" alt=\"Hearst University logo\" itemprop=\"image\" height=\"79\" width=\"300\" title=\"hearst-logo-300x79\" onerror=\"this.style.display='none'\"  \/>\n\t\t\t\t<img loading=\"lazy\" decoding=\"async\" src=\"https:\/\/ateliers-workshops.ca\/wp-content\/uploads\/2022\/02\/laurentian-2.png\" alt=\"Laurentian University\" itemprop=\"image\" height=\"55\" width=\"270\" title=\"laurentian-2\" onerror=\"this.style.display='none'\"  \/>\n\t\t\t\t<img loading=\"lazy\" decoding=\"async\" src=\"https:\/\/ateliers-workshops.ca\/wp-content\/uploads\/2022\/02\/manitoba.png\" alt=\"University of Manitoba\" itemprop=\"image\" height=\"815\" width=\"1684\" title=\"manitoba\" onerror=\"this.style.display='none'\"  \/>\n\t\t\t\t<img loading=\"lazy\" decoding=\"async\" src=\"https:\/\/ateliers-workshops.ca\/wp-content\/uploads\/2022\/02\/logo-uontariof-1.png\" alt=\"Universite de l'ontario francais\" itemprop=\"image\" height=\"240\" width=\"400\" title=\"logo-uontariof-1\" onerror=\"this.style.display='none'\"  \/>\n\t\t\t\t<img loading=\"lazy\" decoding=\"async\" src=\"https:\/\/ateliers-workshops.ca\/wp-content\/uploads\/2022\/02\/york.png\" alt=\"York University\" itemprop=\"image\" height=\"319\" width=\"886\" title=\"york\" onerror=\"this.style.display='none'\"  \/>\n\t\t\t\t<img loading=\"lazy\" decoding=\"async\" src=\"https:\/\/ateliers-workshops.ca\/wp-content\/uploads\/2022\/02\/stpaulu_logo-1.png\" alt=\"St Paul University\" itemprop=\"image\" height=\"196\" width=\"512\" title=\"stpaulu_logo-1\" onerror=\"this.style.display='none'\"  \/>\n\t\t\t\t<img loading=\"lazy\" decoding=\"async\" src=\"https:\/\/ateliers-workshops.ca\/wp-content\/uploads\/2022\/02\/ecampus-ontario-logos-footer-black.png\" alt=\"eCampus Ontario and government of Ontario\" itemprop=\"image\" height=\"573\" width=\"4325\" title=\"ecampus-ontario-logos-footer-black\" onerror=\"this.style.display='none'\"  \/>\n\t<p>Les logos des institutions collaboratrices sont exclus de la licence Creative Commons Attribution de ce site et sont la propri\u00e9t\u00e9 de leurs institutions respectives.<\/p>\n\tLe contenu de ce site est sous licence <a href=\"https:\/\/creativecommons.org\/licenses\/by\/4.0\/deed.fr\" target=\"_blank\" rel=\"noopener\">Creative Commons Attribution 4.0 International<\/a>.<br \/>\nSauf mention contraire, il est attribu\u00e9 \u00e0 <em>Ateliers sur demande | Instant Workshops<\/em>.\n\t\t\t\t<img loading=\"lazy\" decoding=\"async\" src=\"https:\/\/ateliers-workshops.ca\/wp-content\/uploads\/2022\/02\/ccby.png\" alt=\"Creative commons\" itemprop=\"image\" height=\"141\" width=\"403\" title=\"ccby\" onerror=\"this.style.display='none'\"  \/>\n\n","protected":false},"excerpt":{"rendered":"<p>\u00c0 propos Ateliers sur demande | Instant Workshops Il existe d\u00e9j\u00e0 de nombreux cours en ligne pour d\u00e9velopper les comp\u00e9tences num\u00e9riques en enseignement sup\u00e9rieur, alors pourquoi en cr\u00e9er davantage avec Ateliers sur demande | Instant Workshops ? D&rsquo;abord, il n&rsquo;est pas toujours facile de trouver des cours en anglais et en fran\u00e7ais, ce qui est&hellip;<\/p>\n","protected":false},"author":1,"featured_media":0,"parent":0,"menu_order":0,"comment_status":"closed","ping_status":"closed","template":"","meta":{"inline_featured_image":false,"footnotes":""},"class_list":["post-17","page","type-page","status-publish","hentry"],"_links":{"self":[{"href":"https:\/\/ateliers-workshops.ca\/fr\/wp-json\/wp\/v2\/pages\/17","targetHints":{"allow":["GET"]}}],"collection":[{"href":"https:\/\/ateliers-workshops.ca\/fr\/wp-json\/wp\/v2\/pages"}],"about":[{"href":"https:\/\/ateliers-workshops.ca\/fr\/wp-json\/wp\/v2\/types\/page"}],"author":[{"embeddable":true,"href":"https:\/\/ateliers-workshops.ca\/fr\/wp-json\/wp\/v2\/users\/1"}],"replies":[{"embeddable":true,"href":"https:\/\/ateliers-workshops.ca\/fr\/wp-json\/wp\/v2\/comments?post=17"}],"version-history":[{"count":36,"href":"https:\/\/ateliers-workshops.ca\/fr\/wp-json\/wp\/v2\/pages\/17\/revisions"}],"predecessor-version":[{"id":1251,"href":"https:\/\/ateliers-workshops.ca\/fr\/wp-json\/wp\/v2\/pages\/17\/revisions\/1251"}],"wp:attachment":[{"href":"https:\/\/ateliers-workshops.ca\/fr\/wp-json\/wp\/v2\/media?parent=17"}],"curies":[{"name":"wp","href":"https:\/\/api.w.org\/{rel}","templated":true}]}}