{"id":13,"date":"2022-02-02T16:10:21","date_gmt":"2022-02-02T16:10:21","guid":{"rendered":"https:\/\/ateliers-workshops.ca\/?page_id=13"},"modified":"2022-02-27T19:05:04","modified_gmt":"2022-02-27T19:05:04","slug":"accueil","status":"publish","type":"page","link":"https:\/\/ateliers-workshops.ca\/fr\/","title":{"rendered":"Accueil"},"content":{"rendered":"\n<h1>\n\t\tAteliers sur demande\n\t<\/h1>\n\t<p>Bienvenue aux <em>Ateliers sur demande | Instant Workshops<\/em>, petits cours gratuits et libres en comp\u00e9tences num\u00e9riques au niveau de l&rsquo;enseignement sup\u00e9rieur, tant en fran\u00e7ais qu&rsquo;en anglais. Nous esp\u00e9rons que vous trouverez nos le\u00e7ons utiles. Si ceci est votre premi\u00e8re visite sur notre site, nous vous sugg\u00e9rons de commencer par la le\u00e7on \u00ab\u00a0Comment utiliser ce site\u00a0\u00bb ci-dessous.<\/p>\n\t\t\t<a href=\"https:\/\/ateliers-workshops.ca\/fr\/ateliers\/\" target=\"_self\" role=\"button\" rel=\"noopener\">\n\t\t\t\t\t\t\tCHERCHER LES ATELIERS\n\t\t\t\t\t<\/a>\n\t<img decoding=\"async\" src=\"https:\/\/ateliers-workshops.ca\/wp-content\/uploads\/\/homepic.svg\" alt=\"Personne assise, utilisant un ordinateur portable\" \/>\n\t\t\t\t<img decoding=\"async\" src=\"https:\/\/ateliers-workshops.ca\/wp-content\/plugins\/bb-plugin\/img\/pixel.png\" alt=\"\" itemprop=\"image\" onerror=\"this.style.display='none'\"  \/>\n<h2>\n\t\tAteliers les plus r\u00e9cents\n\t<\/h2>\n\t<div class='row'><div class=\"col-md-4\"><div class=\"atlr-wrapper\"><a href=\"https:\/\/ateliers-workshops.ca\/fr\/workshop\/table-des-matieres-dans-word\/\"><img loading=\"lazy\" decoding=\"async\" width=\"1920\" height=\"1080\" src=\"https:\/\/ateliers-workshops.ca\/wp-content\/uploads\/2022\/02\/table_des_matieres_dans_word_thumbnail-1.png\" class=\"attachment-post-thumbnail size-post-thumbnail wp-post-image\" alt=\"Vignette Table des mati\u00e8res dans Word\" srcset=\"https:\/\/ateliers-workshops.ca\/wp-content\/uploads\/2022\/02\/table_des_matieres_dans_word_thumbnail-1.png 1920w, https:\/\/ateliers-workshops.ca\/wp-content\/uploads\/2022\/02\/table_des_matieres_dans_word_thumbnail-1-300x169.png 300w, https:\/\/ateliers-workshops.ca\/wp-content\/uploads\/2022\/02\/table_des_matieres_dans_word_thumbnail-1-1024x576.png 1024w, https:\/\/ateliers-workshops.ca\/wp-content\/uploads\/2022\/02\/table_des_matieres_dans_word_thumbnail-1-768x432.png 768w, https:\/\/ateliers-workshops.ca\/wp-content\/uploads\/2022\/02\/table_des_matieres_dans_word_thumbnail-1-1536x864.png 1536w\" sizes=\"auto, (max-width: 1920px) 100vw, 1920px\" \/><\/a><p class=\"atlr-cats\"><a href=\"https:\/\/ateliers-workshops.ca\/fr\/category\/competence-numerique\/\">Comp\u00e9tence num\u00e9rique<\/a>, <a href=\"https:\/\/ateliers-workshops.ca\/fr\/category\/creation-numerique\/\">Cr\u00e9ation num\u00e9rique<\/a><\/p><h3 class=\"atlr-title\"><a href=\"https:\/\/ateliers-workshops.ca\/fr\/workshop\/table-des-matieres-dans-word\/\">Table des mati\u00e8res dans Word<\/a><\/h3><p class=\"atlr-meta group\"><span class=\"atlr-meta-duration\"> 1m 43s<\/span><span class=\"atlr-meta-views\"> 2,635 vues<\/span><\/p><\/div><\/div><div class=\"col-md-4\"><div class=\"atlr-wrapper\"><a href=\"https:\/\/ateliers-workshops.ca\/fr\/workshop\/numeros-de-page-dans-word\/\"><img loading=\"lazy\" decoding=\"async\" width=\"1920\" height=\"1080\" src=\"https:\/\/ateliers-workshops.ca\/wp-content\/uploads\/2022\/02\/numeros_de_page_dans_word_thumbnail-2.png\" class=\"attachment-post-thumbnail size-post-thumbnail wp-post-image\" alt=\"Vignette Num\u00e9ros de page dans Word\" srcset=\"https:\/\/ateliers-workshops.ca\/wp-content\/uploads\/2022\/02\/numeros_de_page_dans_word_thumbnail-2.png 1920w, https:\/\/ateliers-workshops.ca\/wp-content\/uploads\/2022\/02\/numeros_de_page_dans_word_thumbnail-2-300x169.png 300w, https:\/\/ateliers-workshops.ca\/wp-content\/uploads\/2022\/02\/numeros_de_page_dans_word_thumbnail-2-1024x576.png 1024w, https:\/\/ateliers-workshops.ca\/wp-content\/uploads\/2022\/02\/numeros_de_page_dans_word_thumbnail-2-768x432.png 768w, https:\/\/ateliers-workshops.ca\/wp-content\/uploads\/2022\/02\/numeros_de_page_dans_word_thumbnail-2-1536x864.png 1536w\" sizes=\"auto, (max-width: 1920px) 100vw, 1920px\" \/><\/a><p class=\"atlr-cats\"><a href=\"https:\/\/ateliers-workshops.ca\/fr\/category\/competence-numerique\/\">Comp\u00e9tence num\u00e9rique<\/a>, <a href=\"https:\/\/ateliers-workshops.ca\/fr\/category\/creation-numerique\/\">Cr\u00e9ation num\u00e9rique<\/a><\/p><h3 class=\"atlr-title\"><a href=\"https:\/\/ateliers-workshops.ca\/fr\/workshop\/numeros-de-page-dans-word\/\">Num\u00e9ros de page dans Word<\/a><\/h3><p class=\"atlr-meta group\"><span class=\"atlr-meta-duration\"> 1m 39s<\/span><span class=\"atlr-meta-views\"> 155 vues<\/span><\/p><\/div><\/div><div class=\"col-md-4\"><div class=\"atlr-wrapper\"><a href=\"https:\/\/ateliers-workshops.ca\/fr\/workshop\/bloqueurs-de-publicites-et-de-traceurs\/\"><img loading=\"lazy\" decoding=\"async\" width=\"1920\" height=\"1080\" src=\"https:\/\/ateliers-workshops.ca\/wp-content\/uploads\/2022\/02\/bloqueurs_de_publicites_et_de_traceurs_thumbnail-1.png\" class=\"attachment-post-thumbnail size-post-thumbnail wp-post-image\" alt=\"Vignette Bloqueurs de publicit\u00e9s et de traceurs\" srcset=\"https:\/\/ateliers-workshops.ca\/wp-content\/uploads\/2022\/02\/bloqueurs_de_publicites_et_de_traceurs_thumbnail-1.png 1920w, https:\/\/ateliers-workshops.ca\/wp-content\/uploads\/2022\/02\/bloqueurs_de_publicites_et_de_traceurs_thumbnail-1-300x169.png 300w, https:\/\/ateliers-workshops.ca\/wp-content\/uploads\/2022\/02\/bloqueurs_de_publicites_et_de_traceurs_thumbnail-1-1024x576.png 1024w, https:\/\/ateliers-workshops.ca\/wp-content\/uploads\/2022\/02\/bloqueurs_de_publicites_et_de_traceurs_thumbnail-1-768x432.png 768w, https:\/\/ateliers-workshops.ca\/wp-content\/uploads\/2022\/02\/bloqueurs_de_publicites_et_de_traceurs_thumbnail-1-1536x864.png 1536w\" sizes=\"auto, (max-width: 1920px) 100vw, 1920px\" \/><\/a><p class=\"atlr-cats\"><a href=\"https:\/\/ateliers-workshops.ca\/fr\/category\/soi-numerique\/\">Soi num\u00e9rique<\/a><\/p><h3 class=\"atlr-title\"><a href=\"https:\/\/ateliers-workshops.ca\/fr\/workshop\/bloqueurs-de-publicites-et-de-traceurs\/\">Bloqueurs de publicit\u00e9s et de traceurs<\/a><\/h3><p class=\"atlr-meta group\"><span class=\"atlr-meta-duration\"> 3m 53s<\/span><span class=\"atlr-meta-views\"> 115 vues<\/span><\/p><\/div><\/div><\/div>\n<h2>\n\t\tComment utiliser ce site\n\t<\/h2>\n\t<p>Cet atelier explique comment utiliser le site Web <em>Ateliers sur demande | Instant Workshops<\/em>.<\/p>\n\t<video data-able-player data-skin=\"2020\" preload=\"auto\"\tdata-youtube-id=\"cwAu7PvcCHA\">\n    <track kind=\"captions\" src=\"https:\/\/ateliers-workshops.ca\/wp-content\/uploads\/2022\/02\/comment_utiliser_ce_site-1.vtt\" srclang=\"fr\" label=\"Fran\u00e7ais\"\/>\n    <track kind=\"chapters\" src=\"https:\/\/ateliers-workshops.ca\/wp-content\/uploads\/2022\/02\/comment_utiliser_ce_site_chapters.vtt\" srclang=\"fr\" label=\"Fran\u00e7ais\"\/>\n<\/video>\n<h2>\n\t\tInstructions\n\t<\/h2>\n\t<p>Voici comment utiliser le site Web <em>Ateliers sur demande | Instant Workshops<\/em> :<\/p>\n\t<ol>\n<li>Utilisez le bouton dans le menu sup\u00e9rieur pour faire basculer la langue du site du fran\u00e7ais \u00e0 l&rsquo;anglais et vice versa.<\/li>\n<li>Consultez la page d&rsquo;accueil pour conna\u00eetre les ateliers les plus r\u00e9cents et revoir la pr\u00e9sente le\u00e7on.<\/li>\n<li>Consultez la page des ateliers pour voir une liste interrogeable d&rsquo;ateliers offerts.<\/li>\n<li>Pour trouver un atelier, utilisez le champ de recherche ou les listes d\u00e9roulantes de balises ou de cat\u00e9gories de comp\u00e9tences num\u00e9riques.<\/li>\n<li>Cliquez sur la vignette d&rsquo;un atelier pour afficher ce dernier.<\/li>\n<li>Pour regarder les vid\u00e9os des ateliers, utilisez le lecteur multim\u00e9dia Able Player selon vos pr\u00e9f\u00e9rences :\n<ol>\n<li>Cliquez sur le bouton de <strong>sous-titres<\/strong> pour activer ou d\u00e9sactiver ceux-ci.<\/li>\n<li>Cliquez sur le bouton de <strong>transcription <\/strong>pour afficher ou masquer la transcription interactive.<\/li>\n<li>Cliquez sur le bouton de <strong>chapitres <\/strong>pour passer \u00e0 une autre section de la vid\u00e9o.<\/li>\n<li>Cliquez sur les boutons de lapin ou de tortue pour acc\u00e9l\u00e9rer ou ralentir la vitesse de lecture de la vid\u00e9o, respectivement.<\/li>\n<li>Cliquez sur le bouton du <strong>mode plein \u00e9cran<\/strong> pour activer ou d\u00e9sactiver ce dernier.<\/li>\n<li>Utilisez la transcription interactive sous la vid\u00e9o pour mieux suivre, survoler ou passer en revue le contenu oral. Cliquez sur une partie de la transcription pour passer \u00e0 la partie correspondante de la vid\u00e9o.<\/li>\n<\/ol>\n<\/li>\n<li>Pour lire l&rsquo;atelier plut\u00f4t que le regarder, suivez les instructions \u00e9crites de l&rsquo;atelier ou consultez la version t\u00e9l\u00e9chargeable et imprimable de l&rsquo;atelier en format Word ou PDF.<\/li>\n<li>Pour consolider vos acquis, effectuez l&rsquo;exercice d&rsquo;apprentissage et r\u00e9pondez \u00e0 la question dans la section de r\u00e9vision.<\/li>\n<li>Cliquez sur les liens externes, le cas \u00e9ch\u00e9ant, pour en savoir plus sur le sujet de l&rsquo;atelier ou s\u00e9lectionner d&rsquo;autres ateliers de cette s\u00e9rie.<\/li>\n<li>Envoyez vos questions, commentaires ou suggestions de le\u00e7ons en remplissant le formulaire sur la page \u00c0 propos.<\/li>\n<\/ol>\n<h2>\n\t\tR\u00e9vision\n\t<\/h2>\n<h2>\n\t\tExercice d&rsquo;apprentissage\n\t<\/h2>\n\t<p>Suivre un atelier sur le site <em>Ateliers sur demande | Instant Workshops<\/em>.<\/p>\n<h2>\n\t\tQuestion de r\u00e9vision\n\t<\/h2>\n\t<iframe loading=\"lazy\" src=\"https:\/\/h5pstudio.ecampusontario.ca\/fr\/h5p\/35691\/embed\" width=\"993\" height=\"307\" frameborder=\"0\" allowfullscreen=\"allowfullscreen\"><\/iframe>\n<h2>\n\t\tRessources\n\t<\/h2>\n\t<p>Ces documents t\u00e9l\u00e9chargeables contiennent la transcription, les instructions et les questions de r\u00e9vision de cet atelier.<\/p>\n    <img decoding=\"async\" src=\"https:\/\/ateliers-workshops.ca\/wp-content\/uploads\/\/2022\/02\/download_word.svg\" alt=\"ic\u00f4ne docx\" \/>\n    <h3>T\u00e9l\u00e9charger<\/h3>\n    <p>DOCX<\/p>\n     <ul>\n         <li>Transcription<\/li>\n         <li>Instructions<\/li>\n         <li>Questions de r\u00e9vision<\/li>\n     <\/ul>\n     <a href=\"https:\/\/ateliers-workshops.ca\/wp-content\/uploads\/2022\/02\/comment_utiliser_ce_site.docx\" download><\/a>\n    <img decoding=\"async\" src=\"https:\/\/ateliers-workshops.ca\/wp-content\/uploads\/\/2022\/02\/download_pdf.svg\" alt=\"ic\u00f4ne pdf\" \/>\n    <h3>T\u00e9l\u00e9charger<\/h3>\n    <p>PDF<\/p>\n        <ul>\n            <li>Transcription<\/li>\n            <li>Instructions<\/li>\n            <li>Questions de r\u00e9vision<\/li>\n        <\/ul>\n        <a href=\"https:\/\/ateliers-workshops.ca\/wp-content\/uploads\/2022\/02\/comment_utiliser_ce_site.pdf\" download><\/a>\n\tLe contenu de ce site est sous licence <a href=\"https:\/\/creativecommons.org\/licenses\/by\/4.0\/deed.fr\" target=\"_blank\" rel=\"noopener\">Creative Commons Attribution 4.0 International<\/a>.<br \/>\nSauf mention contraire, il est attribu\u00e9 \u00e0 <em>Ateliers sur demande | Instant Workshops<\/em>.\n\t\t\t\t<img loading=\"lazy\" decoding=\"async\" src=\"https:\/\/ateliers-workshops.ca\/wp-content\/uploads\/2022\/02\/ccby.png\" alt=\"Creative commons\" itemprop=\"image\" height=\"141\" width=\"403\" title=\"ccby\" onerror=\"this.style.display='none'\"  \/>\n\n","protected":false},"excerpt":{"rendered":"<p>Ateliers sur demande Bienvenue aux Ateliers sur demande | Instant Workshops, petits cours gratuits et libres en comp\u00e9tences num\u00e9riques au niveau de l&rsquo;enseignement sup\u00e9rieur, tant en fran\u00e7ais qu&rsquo;en anglais. Nous esp\u00e9rons que vous trouverez nos le\u00e7ons utiles. Si ceci est votre premi\u00e8re visite sur notre site, nous vous sugg\u00e9rons de commencer par la le\u00e7on \u00ab\u00a0Comment&hellip;<\/p>\n","protected":false},"author":1,"featured_media":0,"parent":0,"menu_order":0,"comment_status":"closed","ping_status":"open","template":"","meta":{"inline_featured_image":false,"footnotes":""},"class_list":["post-13","page","type-page","status-publish","hentry"],"_links":{"self":[{"href":"https:\/\/ateliers-workshops.ca\/fr\/wp-json\/wp\/v2\/pages\/13","targetHints":{"allow":["GET"]}}],"collection":[{"href":"https:\/\/ateliers-workshops.ca\/fr\/wp-json\/wp\/v2\/pages"}],"about":[{"href":"https:\/\/ateliers-workshops.ca\/fr\/wp-json\/wp\/v2\/types\/page"}],"author":[{"embeddable":true,"href":"https:\/\/ateliers-workshops.ca\/fr\/wp-json\/wp\/v2\/users\/1"}],"replies":[{"embeddable":true,"href":"https:\/\/ateliers-workshops.ca\/fr\/wp-json\/wp\/v2\/comments?post=13"}],"version-history":[{"count":63,"href":"https:\/\/ateliers-workshops.ca\/fr\/wp-json\/wp\/v2\/pages\/13\/revisions"}],"predecessor-version":[{"id":1305,"href":"https:\/\/ateliers-workshops.ca\/fr\/wp-json\/wp\/v2\/pages\/13\/revisions\/1305"}],"wp:attachment":[{"href":"https:\/\/ateliers-workshops.ca\/fr\/wp-json\/wp\/v2\/media?parent=13"}],"curies":[{"name":"wp","href":"https:\/\/api.w.org\/{rel}","templated":true}]}}